{"id":83,"date":"2019-03-15T10:25:36","date_gmt":"2019-03-15T08:25:36","guid":{"rendered":"https:\/\/www.esteperapoliklinik.com\/en\/?page_id=83"},"modified":"2026-01-07T16:19:25","modified_gmt":"2026-01-07T13:19:25","slug":"contact","status":"publish","type":"page","link":"https:\/\/www.esteperapoliklinik.com\/en\/contact\/","title":{"rendered":"Contact"},"content":{"rendered":"<p><iframe loading=\"lazy\" style=\"border: 0;\" tabindex=\"0\" src=\"https:\/\/www.google.com\/maps\/embed?pb=!1m18!1m12!1m3!1d3008.3655645068225!2d28.987753776554026!3d41.06100121617589!2m3!1f0!2f0!3f0!3m2!1i1024!2i768!4f13.1!3m3!1m2!1s0x14cab7b5467204f5%3A0xa6712a3159031893!2zRVNURVBFUkEgUE9MxLBLTMSwTsSwxJ7EsCAtIE1vcnBoZXVzIDggQWx0xLFuIMSwxJ9uZSB8IExla2UgVGVkYXZpc2kgfCBCb3RveCB8IERvbGd1IHwgQ2lsdCBHZW7Dp2xlxZ90aXJtZSB8IEdlbml0YWwgU2nEn2lsIChIUFYp!5e0!3m2!1str!2str!4v1767791896665!5m2!1str!2str\" width=\"100%\" height=\"450\" frameborder=\"0\" allowfullscreen=\"allowfullscreen\" aria-hidden=\"false\"><\/iframe><\/p>\n<p><b>Address <\/b>: 19 May\u0131s Mah. 19 May\u0131s Cad. \u015e\u0130\u015eL\u0130 PLAZA NO: 7 \u0130\u00c7 KAPI NO: 13 \u015e\u0130\u015eL\u0130\/ \u0130STANBUL<\/p>\n<p><strong>Phone:<a href=\"tel:+905304014999\">+90 530 401 49 99<\/a><\/strong><\/p>\n<p><strong>Gsm :<a href=\"tel:+905304014999\">+90 530 401 49 99<\/a><\/strong><\/p>\n<p><strong>E-Mail :<\/strong><a href=\"mailto:info@esteperapoliklinik.com\">info@esteperapoliklinik.com<\/a><\/p>\n","protected":false},"excerpt":{"rendered":"<p>Address : 19 May\u0131s Mah. 19 May\u0131s Cad. \u015e\u0130\u015eL\u0130 PLAZA NO: 7 \u0130\u00c7 KAPI NO: 13 \u015e\u0130\u015eL\u0130\/ \u0130STANBUL Phone:+90 530 401 49 99 Gsm :+90 530 401 49 99 E-Mail :info@esteperapoliklinik.com<\/p>\n","protected":false},"author":1,"featured_media":0,"parent":0,"menu_order":0,"comment_status":"closed","ping_status":"closed","template":"","meta":{"footnotes":""},"_links":{"self":[{"href":"https:\/\/www.esteperapoliklinik.com\/en\/wp-json\/wp\/v2\/pages\/83"}],"collection":[{"href":"https:\/\/www.esteperapoliklinik.com\/en\/wp-json\/wp\/v2\/pages"}],"about":[{"href":"https:\/\/www.esteperapoliklinik.com\/en\/wp-json\/wp\/v2\/types\/page"}],"author":[{"embeddable":true,"href":"https:\/\/www.esteperapoliklinik.com\/en\/wp-json\/wp\/v2\/users\/1"}],"replies":[{"embeddable":true,"href":"https:\/\/www.esteperapoliklinik.com\/en\/wp-json\/wp\/v2\/comments?post=83"}],"version-history":[{"count":18,"href":"https:\/\/www.esteperapoliklinik.com\/en\/wp-json\/wp\/v2\/pages\/83\/revisions"}],"predecessor-version":[{"id":2416,"href":"https:\/\/www.esteperapoliklinik.com\/en\/wp-json\/wp\/v2\/pages\/83\/revisions\/2416"}],"wp:attachment":[{"href":"https:\/\/www.esteperapoliklinik.com\/en\/wp-json\/wp\/v2\/media?parent=83"}],"curies":[{"name":"wp","href":"https:\/\/api.w.org\/{rel}","templated":true}]}}