{"id":407,"date":"2019-11-12T09:52:18","date_gmt":"2019-11-12T06:52:18","guid":{"rendered":"https:\/\/www.esteperapoliklinik.com\/fr\/?page_id=407"},"modified":"2025-01-23T13:03:04","modified_gmt":"2025-01-23T10:03:04","slug":"questions-frequemment-posees","status":"publish","type":"page","link":"https:\/\/www.esteperapoliklinik.com\/fr\/questions-frequemment-posees\/","title":{"rendered":"Questions fr\u00e9quemment pos\u00e9es"},"content":{"rendered":"<h3>Qu&#8217;est-ce que la dermatologie et quelles maladies traite-t-elle ?<\/h3>\n<p>La dermatologie est une branche de la m\u00e9decine qui se concentre sur le diagnostic et le traitement des maladies de la peau, des cheveux, des ongles et des tissus muqueux. Elle traite des maladies telles que l&#8217;ecz\u00e9ma, l&#8217;acn\u00e9, le psoriasis, le cancer de la peau, la perte de cheveux et les infections fongiques.<\/p>\n<h3>Comment traiter l&#8217;acn\u00e9 ?<\/h3>\n<p>Le traitement de l&#8217;acn\u00e9 d\u00e9pend de la gravit\u00e9 de la maladie et peut inclure des cr\u00e8mes topiques (peroxyde de benzoyle, r\u00e9tino\u00efdes), des antibiotiques ou un traitement hormonal. Dans les cas avanc\u00e9s, Des soins de la peau r\u00e9guliers et une alimentation saine contribuent \u00e9galement au traitement.<\/p>\n<h3>Le psoriasis peut-il \u00eatre compl\u00e8tement gu\u00e9ri ?<\/h3>\n<p>Le psoriasis est une maladie auto-immune chronique et il est difficile de l&#8217;\u00e9liminer compl\u00e8tement. Cependant, les sympt\u00f4mes peuvent \u00eatre largement contr\u00f4l\u00e9s gr\u00e2ce \u00e0 la phototh\u00e9rapie, aux m\u00e9dicaments topiques et aux traitements biologiques.<\/p>\n<h3>Y a-t-il un lien entre l&#8217;ecz\u00e9ma et les allergies ?<\/h3>\n<p>Oui, l&#8217;ecz\u00e9ma, en particulier le type dermatite atopique, est li\u00e9 aux r\u00e9actions allergiques. Le pollen, la poussi\u00e8re, certains aliments ou les d\u00e9tergents peuvent d\u00e9clencher l&#8217;ecz\u00e9ma. Des tests d&#8217;allergie peuvent identifier les d\u00e9clencheurs, qui doivent ensuite \u00eatre \u00e9vit\u00e9s.<\/p>\n<h3>Quels sont les signes du cancer de la peau ?<\/h3>\n<p>Les premiers signes du cancer de la peau comprennent des l\u00e9sions qui grossissent ou changent de couleur soudainement, des plaies qui ne gu\u00e9rissent pas et des grains de beaut\u00e9 qui saignent. Dans les situations \u00e0 risque, une consultation dermatologique est essentielle.<\/p>\n<h3>Est-il vraiment n\u00e9cessaire d&#8217;utiliser de la cr\u00e8me solaire ?<\/h3>\n<p>Oui, la cr\u00e8me solaire prot\u00e8ge la peau des rayons UV nocifs et ralentit le vieillissement cutan\u00e9. De plus, elle r\u00e9duit le risque de maladies cutan\u00e9es telles que le cancer de la peau et le m\u00e9lasma. Il est recommand\u00e9 d&#8217;appliquer une cr\u00e8me solaire avec un SPF de 30 ou plus 20 minutes avant de s&#8217;exposer au soleil.<\/p>\n<h3>La perte de cheveux peut-elle \u00eatre trait\u00e9e ?<\/h3>\n<p>Apr\u00e8s avoir identifi\u00e9 la cause de la perte de cheveux, plusieurs traitements peuvent \u00eatre appliqu\u00e9s. Pour l&#8217;alop\u00e9cie androg\u00e9n\u00e9tique, le minoxidil ou le finast\u00e9ride sont utilis\u00e9s, tandis que et les greffes de cheveux offrent des solutions permanentes.<\/p>\n<h3>Comment traiter les verrues ?<\/h3>\n<p>Les verrues sont g\u00e9n\u00e9ralement enlev\u00e9es \u00e0 l&#8217;aide d&#8217;acide salicylique topique, de cryoth\u00e9rapie (gel) ou de traitement au laser. \u00c9tant donn\u00e9 que les verrues sont d&#8217;origine virale, il est important de faire attention \u00e0 l&#8217;hygi\u00e8ne pour pr\u00e9venir la transmission.<\/p>\n<h3>Qu&#8217;est-ce qui est efficace dans le traitement du m\u00e9lasma ?<\/h3>\n<p>Le traitement du m\u00e9lasma inclut des cr\u00e8mes \u00e0 l&#8217;hydroquinone, des peelings chimiques, des traitements au laser et des phototh\u00e9rapies. La protection solaire est \u00e9galement tr\u00e8s importante durant le processus de traitement.<\/p>\n<h3>\u00c0 quoi faire attention dans les soins de la peau ?<\/h3>\n<p>Les soins de la peau doivent comprendre un nettoyage r\u00e9gulier, une hydratation et une protection solaire. Il est essentiel d&#8217;utiliser des produits adapt\u00e9s \u00e0 votre type de peau et d&#8217;\u00e9viter les produits chimiques agressifs. De plus, une alimentation saine et une hydratation suffisante soutiennent la sant\u00e9 de la peau.<\/p>\n","protected":false},"excerpt":{"rendered":"<p>Qu&#8217;est-ce que la dermatologie et quelles maladies traite-t-elle ? La dermatologie est une branche de la m\u00e9decine qui se concentre sur le diagnostic et le traitement des maladies de la peau, des cheveux, des ongles et des tissus muqueux. Elle traite des maladies telles que l&#8217;ecz\u00e9ma, l&#8217;acn\u00e9, le psoriasis, le cancer de la peau, la [&hellip;]<\/p>\n","protected":false},"author":1,"featured_media":0,"parent":0,"menu_order":0,"comment_status":"closed","ping_status":"closed","template":"","meta":{"footnotes":""},"_links":{"self":[{"href":"https:\/\/www.esteperapoliklinik.com\/fr\/wp-json\/wp\/v2\/pages\/407"}],"collection":[{"href":"https:\/\/www.esteperapoliklinik.com\/fr\/wp-json\/wp\/v2\/pages"}],"about":[{"href":"https:\/\/www.esteperapoliklinik.com\/fr\/wp-json\/wp\/v2\/types\/page"}],"author":[{"embeddable":true,"href":"https:\/\/www.esteperapoliklinik.com\/fr\/wp-json\/wp\/v2\/users\/1"}],"replies":[{"embeddable":true,"href":"https:\/\/www.esteperapoliklinik.com\/fr\/wp-json\/wp\/v2\/comments?post=407"}],"version-history":[{"count":9,"href":"https:\/\/www.esteperapoliklinik.com\/fr\/wp-json\/wp\/v2\/pages\/407\/revisions"}],"predecessor-version":[{"id":2143,"href":"https:\/\/www.esteperapoliklinik.com\/fr\/wp-json\/wp\/v2\/pages\/407\/revisions\/2143"}],"wp:attachment":[{"href":"https:\/\/www.esteperapoliklinik.com\/fr\/wp-json\/wp\/v2\/media?parent=407"}],"curies":[{"name":"wp","href":"https:\/\/api.w.org\/{rel}","templated":true}]}}