{"id":81,"date":"2019-03-15T09:54:47","date_gmt":"2019-03-15T07:54:47","guid":{"rendered":"https:\/\/www.esteperapoliklinik.com\/fr\/?page_id=81"},"modified":"2024-03-25T22:49:54","modified_gmt":"2024-03-25T19:49:54","slug":"a-propos-de-nous","status":"publish","type":"page","link":"https:\/\/www.esteperapoliklinik.com\/fr\/a-propos-de-nous\/","title":{"rendered":"A propos de nous"},"content":{"rendered":"<h2><span style=\"vertical-align: inherit;\"><span style=\"vertical-align: inherit;\"><span style=\"vertical-align: inherit;\"><span style=\"vertical-align: inherit;\">APER\u00c7U<\/span><\/span><\/span><\/span><\/h2>\n<p><span style=\"vertical-align: inherit;\"><span style=\"vertical-align: inherit;\"><span style=\"vertical-align: inherit;\"><span style=\"vertical-align: inherit;\">Depuis la cr\u00e9ation de notre clinique, nous nous consacrons exclusivement aux proc\u00e9dures et traitements de restauration capillaire. <\/span><span style=\"vertical-align: inherit;\">Chez Estepera, nous sommes fiers de notre r\u00e9putation irr\u00e9prochable pour la qualit\u00e9 des soins que nous prodiguons et le professionnalisme de notre personnel. <\/span><span style=\"vertical-align: inherit;\">Au fil des ann\u00e9es, nous avons fourni de nombreux autres services m\u00e9dicaux \u00e0 des patients de diff\u00e9rentes parties du monde, et notre \u00e9quipe m\u00e9dicale dirig\u00e9e par lui est l&#8217;une des \u00e9quipes les plus avanc\u00e9es, qualifi\u00e9es et exp\u00e9riment\u00e9es de Turquie. <\/span><span style=\"vertical-align: inherit;\">Aujourd&#8217;hui, Estepera continue de fournir des services depuis sa propre clinique situ\u00e9e dans l&#8217;un des quartiers les plus exclusifs d&#8217;Istanbul.<\/span><\/span><\/span><\/span><\/p>\n<p>&nbsp;<\/p>\n<h2><span style=\"vertical-align: inherit;\"><span style=\"vertical-align: inherit;\"><span style=\"vertical-align: inherit;\"><span style=\"vertical-align: inherit;\">POURQUOI CHOISIR ESTEPERA?<\/span><\/span><\/span><\/span><\/h2>\n<p><span style=\"vertical-align: inherit;\"><span style=\"vertical-align: inherit;\"><span style=\"vertical-align: inherit;\"><span style=\"vertical-align: inherit;\">Choisir Estepera pour vos soins capillaires pr\u00e9sente les avantages suivants :<\/span><\/span><\/span><\/span><\/p>\n<ul>\n<li>\n<h3><span style=\"vertical-align: inherit;\"><span style=\"vertical-align: inherit;\"><span style=\"vertical-align: inherit;\"><span style=\"vertical-align: inherit;\">Consultation gratuite<\/span><\/span><\/span><\/span><\/h3>\n<\/li>\n<\/ul>\n<p><span style=\"vertical-align: inherit;\"><span style=\"vertical-align: inherit;\"><span style=\"vertical-align: inherit;\"><span style=\"vertical-align: inherit;\">Avant de prendre une d\u00e9cision importante, assurez-vous que vous \u00eates apte \u00e0 une transplantation d\u2019organe. <\/span><span style=\"vertical-align: inherit;\">Et si tel est le cas, demandez au m\u00e9decin une \u00e9valuation pr\u00e9liminaire de votre \u00e9tat afin de savoir ce qui peut \u00eatre fait et \u00e0 quoi pourraient ressembler les r\u00e9sultats finaux, dissipant ainsi tout doute \u00e9ventuel.<\/span><\/span><\/span><\/span><\/p>\n<p>&nbsp;<\/p>\n<ul>\n<li>\n<h3><span style=\"vertical-align: inherit;\"><span style=\"vertical-align: inherit;\"><span style=\"vertical-align: inherit;\"><span style=\"vertical-align: inherit;\">prix abordables<\/span><\/span><\/span><\/span><\/h3>\n<\/li>\n<\/ul>\n<p><span style=\"vertical-align: inherit;\"><span style=\"vertical-align: inherit;\"><span style=\"vertical-align: inherit;\"><span style=\"vertical-align: inherit;\">Gr\u00e2ce au soutien du gouvernement au secteur du tourisme m\u00e9dical, nous pouvons proposer des prix tr\u00e8s comp\u00e9titifs \u00e0 nos patients. <\/span><span style=\"vertical-align: inherit;\">Et en choisissant de faire r\u00e9aliser votre traitement capillaire \u00e0 Estepera, vous \u00e9conomiserez des milliers et des milliers d&#8217;euros.<\/span><\/span><\/span><\/span><\/p>\n<p>&nbsp;<\/p>\n<ul>\n<li>\n<h3><span style=\"vertical-align: inherit;\"><span style=\"vertical-align: inherit;\"><span style=\"vertical-align: inherit;\"><span style=\"vertical-align: inherit;\">Pas d&#8217;acompte<\/span><\/span><\/span><\/span><\/h3>\n<\/li>\n<\/ul>\n<p><span style=\"vertical-align: inherit;\"><span style=\"vertical-align: inherit;\"><span style=\"vertical-align: inherit;\"><span style=\"vertical-align: inherit;\">Une autre chose qui rend notre clinique fiable est que nous n\u2019exigeons aucun d\u00e9p\u00f4t. <\/span><span style=\"vertical-align: inherit;\">Tous les paiements pour la proc\u00e9dure sont effectu\u00e9s \u00e0 l&#8217;arriv\u00e9e \u00e0 la clinique.<\/span><\/span><\/span><\/span><\/p>\n<p>&nbsp;<\/p>\n<ul>\n<li>\n<h3><span style=\"vertical-align: inherit;\"><span style=\"vertical-align: inherit;\"><span style=\"vertical-align: inherit;\"><span style=\"vertical-align: inherit;\">Des soins de qualit\u00e9<\/span><\/span><\/span><\/span><\/h3>\n<\/li>\n<\/ul>\n<p><span style=\"vertical-align: inherit;\"><span style=\"vertical-align: inherit;\"><span style=\"vertical-align: inherit;\"><span style=\"vertical-align: inherit;\">Le facteur le plus important de notre succ\u00e8s est peut-\u00eatre que nous fournissons un service de qualit\u00e9, qu\u2019il s\u2019agisse de traitement capillaire ou de transplantation. <\/span><span style=\"vertical-align: inherit;\">La qualit\u00e9 de nos services est \u00e9vidente, confirmant notre r\u00e9putation irr\u00e9prochable.<\/span><\/span><\/span><\/span><\/p>\n<p>&nbsp;<\/p>\n<ul>\n<li>\n<h3><span style=\"vertical-align: inherit;\"><span style=\"vertical-align: inherit;\"><span style=\"vertical-align: inherit;\"><span style=\"vertical-align: inherit;\">Meilleur personnel<\/span><\/span><\/span><\/span><\/h3>\n<\/li>\n<\/ul>\n<p><span style=\"vertical-align: inherit;\"><span style=\"vertical-align: inherit;\"><span style=\"vertical-align: inherit;\"><span style=\"vertical-align: inherit;\">Nous sommes fiers de dire que toute notre \u00e9quipe est compos\u00e9e de personnes passionn\u00e9es et professionnelles enti\u00e8rement d\u00e9vou\u00e9es \u00e0 l\u2019obtention d\u2019excellents r\u00e9sultats et poss\u00e9dant de nombreuses ann\u00e9es d\u2019exp\u00e9rience dans le domaine de la restauration capillaire.<\/span><\/span><\/span><\/span><\/p>\n<p>&nbsp;<\/p>\n<ul>\n<li>\n<h3><span style=\"vertical-align: inherit;\"><span style=\"vertical-align: inherit;\"><span style=\"vertical-align: inherit;\"><span style=\"vertical-align: inherit;\">Excellente prise en charge des patients<\/span><\/span><\/span><\/span><\/h3>\n<\/li>\n<\/ul>\n<p><span style=\"vertical-align: inherit;\"><span style=\"vertical-align: inherit;\"><span style=\"vertical-align: inherit;\"><span style=\"vertical-align: inherit;\">Nous prendrons soin de vous d\u00e8s votre arriv\u00e9e \u00e0 Istanbul jusqu&#8217;\u00e0 votre d\u00e9part. <\/span><span style=\"vertical-align: inherit;\">Un chauffeur viendra vous chercher et vous conduira \u00e0 l&#8217;a\u00e9roport, l&#8217;h\u00e9bergement sera organis\u00e9 et notre \u00e9quipe fera tout son possible pour que vous vous sentiez \u00e0 l&#8217;aise.<\/span><\/span><\/span><\/span><\/p>\n<p>&nbsp;<\/p>\n<ul>\n<li>\n<h3><span style=\"vertical-align: inherit;\"><span style=\"vertical-align: inherit;\"><span style=\"vertical-align: inherit;\"><span style=\"vertical-align: inherit;\">Un suivi toute l&#8217;ann\u00e9e<\/span><\/span><\/span><\/span><\/h3>\n<\/li>\n<\/ul>\n<p><span style=\"vertical-align: inherit;\"><span style=\"vertical-align: inherit;\"><span style=\"vertical-align: inherit;\"><span style=\"vertical-align: inherit;\">M\u00eame apr\u00e8s votre d\u00e9part d&#8217;Istanbul, nos coordinateurs m\u00e9dicaux (qui parlent anglais, fran\u00e7ais, espagnol, italien, arabe, allemand, russe et turc) vous aideront toujours \u00e0 progresser jusqu&#8217;\u00e0 ce que vous obteniez le r\u00e9sultat souhait\u00e9.<\/span><\/span><\/span><\/span><\/p>\n<p>&nbsp;<\/p>\n<ul>\n<li>\n<h3><span style=\"vertical-align: inherit;\"><span style=\"vertical-align: inherit;\"><span style=\"vertical-align: inherit;\"><span style=\"vertical-align: inherit;\">excellents r\u00e9sultats<\/span><\/span><\/span><\/span><\/h3>\n<\/li>\n<\/ul>\n<p><span style=\"vertical-align: inherit;\"><span style=\"vertical-align: inherit;\"><span style=\"vertical-align: inherit;\"><span style=\"vertical-align: inherit;\">Une autre grande source de fiert\u00e9 pour nous est que la plupart de nos patients nous reconnaissent apr\u00e8s avoir vu les r\u00e9sultats de leurs propres yeux.\u00a0<\/span><\/span><\/span><\/span><\/p>\n","protected":false},"excerpt":{"rendered":"<p>APER\u00c7U Depuis la cr\u00e9ation de notre clinique, nous nous consacrons exclusivement aux proc\u00e9dures et traitements de restauration capillaire. Chez Estepera, nous sommes fiers de notre r\u00e9putation irr\u00e9prochable pour la qualit\u00e9 des soins que nous prodiguons et le professionnalisme de notre personnel. Au fil des ann\u00e9es, nous avons fourni de nombreux autres services m\u00e9dicaux \u00e0 des [&hellip;]<\/p>\n","protected":false},"author":1,"featured_media":0,"parent":0,"menu_order":0,"comment_status":"closed","ping_status":"closed","template":"","meta":{"footnotes":""},"_links":{"self":[{"href":"https:\/\/www.esteperapoliklinik.com\/fr\/wp-json\/wp\/v2\/pages\/81"}],"collection":[{"href":"https:\/\/www.esteperapoliklinik.com\/fr\/wp-json\/wp\/v2\/pages"}],"about":[{"href":"https:\/\/www.esteperapoliklinik.com\/fr\/wp-json\/wp\/v2\/types\/page"}],"author":[{"embeddable":true,"href":"https:\/\/www.esteperapoliklinik.com\/fr\/wp-json\/wp\/v2\/users\/1"}],"replies":[{"embeddable":true,"href":"https:\/\/www.esteperapoliklinik.com\/fr\/wp-json\/wp\/v2\/comments?post=81"}],"version-history":[{"count":10,"href":"https:\/\/www.esteperapoliklinik.com\/fr\/wp-json\/wp\/v2\/pages\/81\/revisions"}],"predecessor-version":[{"id":1750,"href":"https:\/\/www.esteperapoliklinik.com\/fr\/wp-json\/wp\/v2\/pages\/81\/revisions\/1750"}],"wp:attachment":[{"href":"https:\/\/www.esteperapoliklinik.com\/fr\/wp-json\/wp\/v2\/media?parent=81"}],"curies":[{"name":"wp","href":"https:\/\/api.w.org\/{rel}","templated":true}]}}