{"id":85,"date":"2019-03-15T10:31:36","date_gmt":"2019-03-15T08:31:36","guid":{"rendered":"https:\/\/www.esteperapoliklinik.com\/fr\/?page_id=85"},"modified":"2024-03-25T22:49:14","modified_gmt":"2024-03-25T19:49:14","slug":"politique-de-confidentialite","status":"publish","type":"page","link":"https:\/\/www.esteperapoliklinik.com\/fr\/politique-de-confidentialite\/","title":{"rendered":"Politique de confidentialit\u00e9"},"content":{"rendered":"<h3><span style=\"vertical-align: inherit;\"><span style=\"vertical-align: inherit;\"><span style=\"vertical-align: inherit;\"><span style=\"vertical-align: inherit;\">FIN DES ACTIVIT\u00c9S DE TRAITEMENT DE DONN\u00c9ES PERSONNELLES<\/span><\/span><\/span><\/span><\/h3>\n<p><span style=\"vertical-align: inherit;\"><span style=\"vertical-align: inherit;\"><span style=\"vertical-align: inherit;\"><span style=\"vertical-align: inherit;\">Les donn\u00e9es personnelles fournies par les patients et incluses dans le formulaire de demande d&#8217;informations sur la page Estepera seront automatiquement et exclusivement transmises \u00e0 notre personnel administratif de la Clinique Estepera.<\/span><\/span><\/span><\/span><\/p>\n<h3><span style=\"vertical-align: inherit;\"><span style=\"vertical-align: inherit;\"><span style=\"vertical-align: inherit;\"><span style=\"vertical-align: inherit;\">M\u00c9THODE DE TRAITEMENT<\/span><\/span><\/span><\/span><\/h3>\n<p><span style=\"vertical-align: inherit;\"><span style=\"vertical-align: inherit;\"><span style=\"vertical-align: inherit;\"><span style=\"vertical-align: inherit;\">Le traitement est effectu\u00e9 au moyen de toute op\u00e9ration ou ensemble d&#8217;op\u00e9rations telles que d\u00e9finies \u00e0 gauche dans l&#8217;article 4 CO1 a) du d\u00e9cret-loi n\u00b0 196\/03\u00a0; <\/span><span style=\"vertical-align: inherit;\">Les donn\u00e9es sont trait\u00e9es \u00e0 l&#8217;aide de manuels, d&#8217;\u00e9quipements, de logiques et de proc\u00e9dures strictement li\u00e9s aux finalit\u00e9s sp\u00e9cifi\u00e9es dans le paragraphe pr\u00e9c\u00e9dent et de mani\u00e8re \u00e0 garantir \u00e0 tout moment la confidentialit\u00e9 et la s\u00e9curit\u00e9.<\/span><\/span><\/span><\/span><\/p>\n<h3><span style=\"vertical-align: inherit;\"><span style=\"vertical-align: inherit;\"><span style=\"vertical-align: inherit;\"><span style=\"vertical-align: inherit;\">DONN\u00c9ES<\/span><\/span><\/span><\/span><\/h3>\n<p><span style=\"vertical-align: inherit;\"><span style=\"vertical-align: inherit;\"><span style=\"vertical-align: inherit;\"><span style=\"vertical-align: inherit;\">La fourniture de donn\u00e9es dans le formulaire de demande d\u2019informations est facultative.<\/span><\/span><\/span><\/span><\/p>\n<h3><span style=\"vertical-align: inherit;\"><span style=\"vertical-align: inherit;\"><span style=\"vertical-align: inherit;\"><span style=\"vertical-align: inherit;\">RAPPORT<\/span><\/span><\/span><\/span><\/h3>\n<p><span style=\"vertical-align: inherit;\"><span style=\"vertical-align: inherit;\"><span style=\"vertical-align: inherit;\"><span style=\"vertical-align: inherit;\">Vos donn\u00e9es personnelles ne seront pas divulgu\u00e9es. <\/span><span style=\"vertical-align: inherit;\">En raison du plein respect de votre droit \u00e0 la vie priv\u00e9e, vos donn\u00e9es ne seront transf\u00e9r\u00e9es, vendues ou transf\u00e9r\u00e9es \u00e0 personne. <\/span><span style=\"vertical-align: inherit;\">Les donn\u00e9es personnelles ne pourront \u00eatre divulgu\u00e9es \u00e0 des tiers que pour respecter les obligations l\u00e9gales et atteindre les finalit\u00e9s d\u00e9crites ci-dessus ou pour r\u00e9pondre \u00e0 votre demande.<\/span><\/span><\/span><\/span><\/p>\n<h3><span style=\"vertical-align: inherit;\"><span style=\"vertical-align: inherit;\"><span style=\"vertical-align: inherit;\"><span style=\"vertical-align: inherit;\">TRAITEMENT DU PROPRI\u00c9TAIRE ET DU G\u00c9RANT<\/span><\/span><\/span><\/span><\/h3>\n<p><span style=\"vertical-align: inherit;\"><span style=\"vertical-align: inherit;\"><span style=\"vertical-align: inherit;\"><span style=\"vertical-align: inherit;\">Le propri\u00e9taire et responsable du traitement des donn\u00e9es est notre \u00e9quipe administrative, qui vous contactera sur demande.<\/span><\/span><\/span><\/span><\/p>\n<h3><span style=\"vertical-align: inherit;\"><span style=\"vertical-align: inherit;\"><span style=\"vertical-align: inherit;\"><span style=\"vertical-align: inherit;\">DROITS<\/span><\/span><\/span><\/span><\/h3>\n<p><span style=\"vertical-align: inherit;\"><span style=\"vertical-align: inherit;\"><span style=\"vertical-align: inherit;\"><span style=\"vertical-align: inherit;\">La personne concern\u00e9e dispose de certains droits, notamment le droit d&#8217;obtenir du responsable du traitement la confirmation de l&#8217;existence ou de la non-existence de donn\u00e9es personnelles et la confirmation de leur disponibilit\u00e9 sous une forme compr\u00e9hensible ; <\/span><span style=\"vertical-align: inherit;\">avoir connaissance des donn\u00e9es, de la logique et de la finalit\u00e9 du traitement\u00a0; <\/span><span style=\"vertical-align: inherit;\">Demander l&#8217;annulation des donn\u00e9es trait\u00e9es en violation de la loi, la conversion ou le blocage anonyme, la mise \u00e0 jour, la correction ou, si cela vous int\u00e9resse, l&#8217;int\u00e9gration des donn\u00e9es ou m\u00eame vous opposer au traitement lui-m\u00eame.<\/span><\/span><\/span><\/span><\/p>\n","protected":false},"excerpt":{"rendered":"<p>FIN DES ACTIVIT\u00c9S DE TRAITEMENT DE DONN\u00c9ES PERSONNELLES Les donn\u00e9es personnelles fournies par les patients et incluses dans le formulaire de demande d&#8217;informations sur la page Estepera seront automatiquement et exclusivement transmises \u00e0 notre personnel administratif de la Clinique Estepera. M\u00c9THODE DE TRAITEMENT Le traitement est effectu\u00e9 au moyen de toute op\u00e9ration ou ensemble d&#8217;op\u00e9rations [&hellip;]<\/p>\n","protected":false},"author":1,"featured_media":0,"parent":0,"menu_order":0,"comment_status":"closed","ping_status":"closed","template":"","meta":{"footnotes":""},"_links":{"self":[{"href":"https:\/\/www.esteperapoliklinik.com\/fr\/wp-json\/wp\/v2\/pages\/85"}],"collection":[{"href":"https:\/\/www.esteperapoliklinik.com\/fr\/wp-json\/wp\/v2\/pages"}],"about":[{"href":"https:\/\/www.esteperapoliklinik.com\/fr\/wp-json\/wp\/v2\/types\/page"}],"author":[{"embeddable":true,"href":"https:\/\/www.esteperapoliklinik.com\/fr\/wp-json\/wp\/v2\/users\/1"}],"replies":[{"embeddable":true,"href":"https:\/\/www.esteperapoliklinik.com\/fr\/wp-json\/wp\/v2\/comments?post=85"}],"version-history":[{"count":5,"href":"https:\/\/www.esteperapoliklinik.com\/fr\/wp-json\/wp\/v2\/pages\/85\/revisions"}],"predecessor-version":[{"id":1748,"href":"https:\/\/www.esteperapoliklinik.com\/fr\/wp-json\/wp\/v2\/pages\/85\/revisions\/1748"}],"wp:attachment":[{"href":"https:\/\/www.esteperapoliklinik.com\/fr\/wp-json\/wp\/v2\/media?parent=85"}],"curies":[{"name":"wp","href":"https:\/\/api.w.org\/{rel}","templated":true}]}}