{"id":83,"date":"2019-03-15T10:25:36","date_gmt":"2019-03-15T08:25:36","guid":{"rendered":"https:\/\/www.esteperapoliklinik.com\/landing\/?page_id=83"},"modified":"2024-10-24T15:35:52","modified_gmt":"2024-10-24T12:35:52","slug":"iletisim","status":"publish","type":"page","link":"https:\/\/www.esteperapoliklinik.com\/landing\/iletisim\/","title":{"rendered":"\u0130leti\u015fim"},"content":{"rendered":"<p><iframe loading=\"lazy\" style=\"border: 0;\" tabindex=\"0\" src=\"https:\/\/www.google.com\/maps\/embed?pb=!1m14!1m8!1m3!1d6016.036566091156!2d28.983932!3d41.068593!3m2!1i1024!2i768!4f13.1!3m3!1m2!1s0x0%3A0xe0bb80a17377f31e!2sEstepera%20Hair%20Clinic!5e0!3m2!1str!2str!4v1586121755290!5m2!1str!2str\" width=\"100%\" height=\"450\" frameborder=\"0\" allowfullscreen=\"allowfullscreen\" aria-hidden=\"false\"><span data-mce-type=\"bookmark\" style=\"display: inline-block; width: 0px; overflow: hidden; line-height: 0;\" class=\"mce_SELRES_start\">\ufeff<\/span><\/iframe><\/p>\n<p><b>Adres <\/b>: 19 May\u0131s Mah. 19 May\u0131s Cad. \u015e\u0130\u015eL\u0130 PLAZA NO: 7 \u0130\u00c7 KAPI NO: 13 \u015e\u0130\u015eL\u0130\/ \u0130STANBUL<\/p>\n<p><strong>Telefon :<a href=\"tel:+905304014999\">+90 530 401 49 99<\/a><\/strong><\/p>\n<p><strong>Gsm :<a href=\"tel:+905304014999\">+90 530 401 49 99<\/a><\/strong><\/p>\n<p><strong>E-Mail :<\/strong><a href=\"mailto:info@esteperapoliklinik.com\">info@esteperapoliklinik.com<\/a><\/p>\n","protected":false},"excerpt":{"rendered":"<p>\ufeff Adres : 19 May\u0131s Mah. 19 May\u0131s Cad. \u015e\u0130\u015eL\u0130 PLAZA NO: 7 \u0130\u00c7 KAPI NO: 13 \u015e\u0130\u015eL\u0130\/ \u0130STANBUL Telefon :+90 530 401 49 99 Gsm :+90 530 401 49 99 E-Mail :info@esteperapoliklinik.com<\/p>\n","protected":false},"author":1,"featured_media":0,"parent":0,"menu_order":0,"comment_status":"closed","ping_status":"closed","template":"","meta":{"footnotes":""},"_links":{"self":[{"href":"https:\/\/www.esteperapoliklinik.com\/landing\/wp-json\/wp\/v2\/pages\/83"}],"collection":[{"href":"https:\/\/www.esteperapoliklinik.com\/landing\/wp-json\/wp\/v2\/pages"}],"about":[{"href":"https:\/\/www.esteperapoliklinik.com\/landing\/wp-json\/wp\/v2\/types\/page"}],"author":[{"embeddable":true,"href":"https:\/\/www.esteperapoliklinik.com\/landing\/wp-json\/wp\/v2\/users\/1"}],"replies":[{"embeddable":true,"href":"https:\/\/www.esteperapoliklinik.com\/landing\/wp-json\/wp\/v2\/comments?post=83"}],"version-history":[{"count":17,"href":"https:\/\/www.esteperapoliklinik.com\/landing\/wp-json\/wp\/v2\/pages\/83\/revisions"}],"predecessor-version":[{"id":1884,"href":"https:\/\/www.esteperapoliklinik.com\/landing\/wp-json\/wp\/v2\/pages\/83\/revisions\/1884"}],"wp:attachment":[{"href":"https:\/\/www.esteperapoliklinik.com\/landing\/wp-json\/wp\/v2\/media?parent=83"}],"curies":[{"name":"wp","href":"https:\/\/api.w.org\/{rel}","templated":true}]}}